{"id":155,"date":"2021-03-27T10:27:27","date_gmt":"2021-03-27T10:27:27","guid":{"rendered":"http:\/\/discovering-tandem-tour.com\/?page_id=155"},"modified":"2021-03-27T10:27:36","modified_gmt":"2021-03-27T10:27:36","slug":"impressum","status":"publish","type":"page","link":"https:\/\/discovering-tandem-tour.com\/?page_id=155","title":{"rendered":"Impressum"},"content":{"rendered":"\n\n\n<p><br \/><br \/><\/p>\n<div class=\"storycontent\">\n<p>Verantwortlich f\u00fcr die Inhalte von www.discovering-tandem-tour.com sind M. Roblick und S. Noack<br \/>Kontaktieren Sie uns unter:<\/p>\n<p>Die Webseiten von www.discovering-tandem-tour.com, ihre Struktur und s\u00e4mtliche darin enthaltenen Funktionalit\u00e4ten, Informationen, Daten, Texte, Bild- und Tonmaterialien sowie alle zur Funktionalit\u00e4t dieser Webseiten eingesetzten Komponenten unterliegen dem gesetzlich gesch\u00fctzten Urheberrecht von www.discovering-tandem-tour.com.<\/p>\n<p>F\u00fcr nichtkommerzielle Informationszwecke d\u00fcrfen die Inhalte von www.discovering-tandem-tour.com verwendet werden. Jede Kopie dieses Dokuments oder eines Teils davon muss diese urheberrechtliche Erkl\u00e4rung und das urheberrechtliche Schutzzeichen des Betreibers enthalten. Das Dokument, jede Kopie des Dokuments oder eines Teils davon d\u00fcrfen nicht ohne schriftliche Zustimmung des Betreibers ver\u00e4ndert werden. Der Betreiber beh\u00e4lt sich das Recht vor, diese Genehmigung jederzeit zu widerrufen, und jede Nutzung muss sofort eingestellt werden, sobald eine schriftliche Bekanntmachung seitens des Betreibers ver\u00f6ffentlicht wird.<\/p>\n<p>F\u00fcr kommerzielle Informationszwecke d\u00fcrfen die Inhalte von www.discovering-tandem-tour.com nur dann genutzt werden, wenn dem potentiellen Nutzer seitens der Betreiber von www.discovering-tandem-tour.com\u00a0 eine ausdr\u00fcckliche Genehmigung erteilt wurde. In diesem Falle sind die Inhalte von www.discovering-tandem-tour.com im Rahmen der gesondert zu vereinbarenden Bedingungen zu nutzen. Ohne Genehmigung seitens der Betreiber von www.discovering-tandem-tour.com ist eine kommerzielle Verwendung der Inhalte nicht gestattet.<\/p>\n<p>Die Betreiber von www.discovering-tandem-tour.com halten sich das Recht der \u00c4nderung der Nutzungsbedingungen ohne vorherige Ank\u00fcndigung vor.<\/p>\n<\/div>\n","protected":false},"excerpt":{"rendered":"<p>Verantwortlich f\u00fcr die Inhalte von www.discovering-tandem-tour.com sind M. Roblick und S. NoackKontaktieren Sie uns unter: Die Webseiten von www.discovering-tandem-tour.com, ihre Struktur und s\u00e4mtliche darin enthaltenen Funktionalit\u00e4ten, Informationen, Daten, Texte, Bild- und Tonmaterialien sowie alle zur Funktionalit\u00e4t dieser Webseiten eingesetzten Komponenten unterliegen dem gesetzlich gesch\u00fctzten Urheberrecht von www.discovering-tandem-tour.com. F\u00fcr nichtkommerzielle Informationszwecke d\u00fcrfen die Inhalte von www.discovering-tandem-tour.com &hellip; <a class=\"read-excerpt\" href=\"https:\/\/discovering-tandem-tour.com\/?page_id=155\">Weiterlesen <span class=\"meta-nav\">&raquo;<\/span><\/a><\/p>\n","protected":false},"author":1,"featured_media":0,"parent":0,"menu_order":0,"comment_status":"closed","ping_status":"closed","template":"","meta":[],"_links":{"self":[{"href":"https:\/\/discovering-tandem-tour.com\/index.php?rest_route=\/wp\/v2\/pages\/155"}],"collection":[{"href":"https:\/\/discovering-tandem-tour.com\/index.php?rest_route=\/wp\/v2\/pages"}],"about":[{"href":"https:\/\/discovering-tandem-tour.com\/index.php?rest_route=\/wp\/v2\/types\/page"}],"author":[{"embeddable":true,"href":"https:\/\/discovering-tandem-tour.com\/index.php?rest_route=\/wp\/v2\/users\/1"}],"replies":[{"embeddable":true,"href":"https:\/\/discovering-tandem-tour.com\/index.php?rest_route=%2Fwp%2Fv2%2Fcomments&post=155"}],"version-history":[{"count":1,"href":"https:\/\/discovering-tandem-tour.com\/index.php?rest_route=\/wp\/v2\/pages\/155\/revisions"}],"predecessor-version":[{"id":156,"href":"https:\/\/discovering-tandem-tour.com\/index.php?rest_route=\/wp\/v2\/pages\/155\/revisions\/156"}],"wp:attachment":[{"href":"https:\/\/discovering-tandem-tour.com\/index.php?rest_route=%2Fwp%2Fv2%2Fmedia&parent=155"}],"curies":[{"name":"wp","href":"https:\/\/api.w.org\/{rel}","templated":true}]}}