{"id":2,"date":"2016-05-10T03:48:21","date_gmt":"2016-05-10T03:48:21","guid":{"rendered":"http:\/\/discovering-tandem-tour.com\/?page_id=2"},"modified":"2021-03-27T09:06:37","modified_gmt":"2021-03-27T09:06:37","slug":"sample-page","status":"publish","type":"page","link":"https:\/\/discovering-tandem-tour.com\/","title":{"rendered":"Startseite"},"content":{"rendered":"\n<h2 class=\"has-text-align-center wp-block-heading\">Wir haben es geschafft!<br><br><br><\/h2>\n\n\n\n<p class=\"has-text-align-center has-medium-font-size\"><strong>Am 04.Juli 2011 sind wir aufgebrochen und waren 16 Monate unterwegs.<\/strong><\/p>\n\n\n\n<p class=\"has-text-align-center has-medium-font-size\"><strong>16 Monate mit dem Tandem durch die Welt!<\/strong><br><\/p>\n\n\n\n<p>Auf dieser Hompage k\u00f6nnt ihr unsere Erlebnisse nachlesen. Wir haben regelm\u00e4\u00dfig von unserer \u201ediscovering-tandem-tour\u201c berichtet und euch an den H\u00f6hen und Tiefen der Reise teilhaben lassen.<\/p>\n\n\n\n<div class=\"wp-block-image is-style-default\"><figure class=\"aligncenter\"><img decoding=\"async\" src=\"http:\/\/web.archive.org\/web\/20141216213009im_\/http:\/\/discovering-tandem-tour.com\/wp-content\/uploads\/2011\/07\/image002.jpg\" alt=\"image002\"\/><\/figure><\/div>\n\n\n\n<p style=\"text-align: center;\">Was immer Du tun kannst oder wovon Du tr\u00e4umst \u2013 fange es an. In der K\u00fchnheit liegt Genie, Macht und Magie. Beginne es jetzt, sofort.<br \/><br \/><\/p>\n<p style=\"text-align: right;\"><em>Johann Wolfgang von Goethe<\/em><\/p>\n\n\n\n<div class=\"wp-block-image is-style-default\"><figure class=\"aligncenter\"><img decoding=\"async\" src=\"http:\/\/web.archive.org\/web\/20141216213009im_\/http:\/\/discovering-tandem-tour.com\/wp-content\/uploads\/2011\/01\/DSC01622-1024x682.jpg\" alt=\"\" class=\"wp-image-12\" title=\"DSC01622\"\/><\/figure><\/div>\n","protected":false},"excerpt":{"rendered":"<p>Wir haben es geschafft! Am 04.Juli 2011 sind wir aufgebrochen und waren 16 Monate unterwegs. 16 Monate mit dem Tandem durch die Welt! Auf dieser Hompage k\u00f6nnt ihr unsere Erlebnisse nachlesen. Wir haben regelm\u00e4\u00dfig von unserer \u201ediscovering-tandem-tour\u201c berichtet und euch an den H\u00f6hen und Tiefen der Reise teilhaben lassen. Was immer Du tun kannst oder &hellip; <a class=\"read-excerpt\" href=\"https:\/\/discovering-tandem-tour.com\/\">Weiterlesen <span class=\"meta-nav\">&raquo;<\/span><\/a><\/p>\n","protected":false},"author":1,"featured_media":0,"parent":0,"menu_order":0,"comment_status":"closed","ping_status":"open","template":"","meta":[],"_links":{"self":[{"href":"https:\/\/discovering-tandem-tour.com\/index.php?rest_route=\/wp\/v2\/pages\/2"}],"collection":[{"href":"https:\/\/discovering-tandem-tour.com\/index.php?rest_route=\/wp\/v2\/pages"}],"about":[{"href":"https:\/\/discovering-tandem-tour.com\/index.php?rest_route=\/wp\/v2\/types\/page"}],"author":[{"embeddable":true,"href":"https:\/\/discovering-tandem-tour.com\/index.php?rest_route=\/wp\/v2\/users\/1"}],"replies":[{"embeddable":true,"href":"https:\/\/discovering-tandem-tour.com\/index.php?rest_route=%2Fwp%2Fv2%2Fcomments&post=2"}],"version-history":[{"count":18,"href":"https:\/\/discovering-tandem-tour.com\/index.php?rest_route=\/wp\/v2\/pages\/2\/revisions"}],"predecessor-version":[{"id":110,"href":"https:\/\/discovering-tandem-tour.com\/index.php?rest_route=\/wp\/v2\/pages\/2\/revisions\/110"}],"wp:attachment":[{"href":"https:\/\/discovering-tandem-tour.com\/index.php?rest_route=%2Fwp%2Fv2%2Fmedia&parent=2"}],"curies":[{"name":"wp","href":"https:\/\/api.w.org\/{rel}","templated":true}]}}