{"id":27,"date":"2019-02-24T10:34:28","date_gmt":"2019-02-24T10:34:28","guid":{"rendered":"http:\/\/discovering-tandem-tour.com\/?page_id=27"},"modified":"2021-03-27T09:24:54","modified_gmt":"2021-03-27T09:24:54","slug":"seite-3","status":"publish","type":"page","link":"https:\/\/discovering-tandem-tour.com\/?page_id=27","title":{"rendered":"\u00dcber Uns"},"content":{"rendered":"\n\n\n<p><strong><br \/>Das bin ich, Sarah:<\/strong> geboren in Bombay (dem heutigen Mumbai), Indien.<br \/><img decoding=\"async\" loading=\"lazy\" class=\"alignleft\" title=\"Sarah_Passfoto_0001\" src=\"http:\/\/web.archive.org\/web\/20150805201651im_\/http:\/\/discovering-tandem-tour.com\/wp-content\/uploads\/2011\/01\/Sarah_Passfoto_0001.jpg\" alt=\"\" width=\"125\" height=\"167\" \/><\/p>\n<p>Aufgewachsen bin ich auf der H\u00f6ri am Bodensee. Nach dem Abschluss meiner Fachhochschulreife im Jahr 2000 zog es mich nach Freiburg. Dort absolvierte ich meine Ausbildung zur Europasekret\u00e4rin. Anschlie\u00dfend ging ich wieder zur\u00fcck an den Bodensee. Hier fand ich eine Stelle als Mitarbeiterin bei der Kundenbetreuung, wo ich mich ausschlie\u00dflich um die Belange unserer franz\u00f6sischen Kunden k\u00fcmmerte.<\/p>\n<p>Im Jahr 2007 suchte ich nach einer neuen Herausforderung und bin seitdem als Markenassistentin in einem weltweit agierenden Unternehmen in Schaffhausen, Schweiz t\u00e4tig. Hier arbeite ich mit Menschen aus aller Welt zusammen, was ich \u00e4u\u00dferst interessant und spannend finde.<br \/>Privat\u00a0 gehe ich \u00a0wandern, Fahrrad fahren, Tennis spielen und reisen. Des Weiteren lese ich gerne historische Romane, da ich mich sehr f\u00fcr fremde Kulturen und deren Geschichte interessiere.<br \/><br \/><br \/><\/p>\n\n\n\n<p><strong>Matthias, das bin ich:<\/strong> 1980 bei Cottbus geboren.<br \/><img decoding=\"async\" loading=\"lazy\" class=\"alignleft\" src=\"http:\/\/web.archive.org\/web\/20131220082234if_\/http:\/\/discovering-tandem-tour.com\/wp-content\/uploads\/2011\/01\/Passfoto.jpg\" alt=\"http:\/\/web.archive.org\/web\/20131220082234if_\/http:\/\/discovering-tandem-tour.com\/wp-content\/uploads\/2011\/01\/Passfoto.jpg\" width=\"184\" height=\"128\" \/><\/p>\n<p>Nach dem ich laufen und springen konnte, begann ich, mit dem Turnen. \u00dcber die Leichtathletik fand ich mit 10 Jahren meine Leidenschaft f\u00fcr den Radsport. 13 Jahre lang betrieb ich Leistungssport auf h\u00f6chstem Niveau. Nach einem sch\u00f6nen Abschluss bei einem Radteam in S\u00fcdafrika, wurde der Sport wieder zum Hobby\u00a0 und ich gehe heute laufen (auch Marathon), wandern, mountainbiken und reisen.<\/p>\n<p>Beruflich setzte ich die Tradition meiner Familie fort und wurde Industriemechaniker. Sp\u00e4ter arbeitete ich dann als Hausmeister, Fahrradmonteur und Anlagenbediener bis ich mich doch noch mal entschloss die Schulbank zu dr\u00fccken. 4 Jahre Teilzeit zum Automatisierungstechniker, w\u00e4hrend derer ich mich spezialisierte und heute als Konstrukteur im Sondermaschinenbau arbeite.<\/p>\n","protected":false},"excerpt":{"rendered":"<p>Das bin ich, Sarah: geboren in Bombay (dem heutigen Mumbai), Indien. Aufgewachsen bin ich auf der H\u00f6ri am Bodensee. Nach dem Abschluss meiner Fachhochschulreife im Jahr 2000 zog es mich nach Freiburg. Dort absolvierte ich meine Ausbildung zur Europasekret\u00e4rin. Anschlie\u00dfend ging ich wieder zur\u00fcck an den Bodensee. Hier fand ich eine Stelle als Mitarbeiterin bei &hellip; <a class=\"read-excerpt\" href=\"https:\/\/discovering-tandem-tour.com\/?page_id=27\">Weiterlesen <span class=\"meta-nav\">&raquo;<\/span><\/a><\/p>\n","protected":false},"author":1,"featured_media":0,"parent":0,"menu_order":0,"comment_status":"closed","ping_status":"closed","template":"","meta":[],"_links":{"self":[{"href":"https:\/\/discovering-tandem-tour.com\/index.php?rest_route=\/wp\/v2\/pages\/27"}],"collection":[{"href":"https:\/\/discovering-tandem-tour.com\/index.php?rest_route=\/wp\/v2\/pages"}],"about":[{"href":"https:\/\/discovering-tandem-tour.com\/index.php?rest_route=\/wp\/v2\/types\/page"}],"author":[{"embeddable":true,"href":"https:\/\/discovering-tandem-tour.com\/index.php?rest_route=\/wp\/v2\/users\/1"}],"replies":[{"embeddable":true,"href":"https:\/\/discovering-tandem-tour.com\/index.php?rest_route=%2Fwp%2Fv2%2Fcomments&post=27"}],"version-history":[{"count":8,"href":"https:\/\/discovering-tandem-tour.com\/index.php?rest_route=\/wp\/v2\/pages\/27\/revisions"}],"predecessor-version":[{"id":118,"href":"https:\/\/discovering-tandem-tour.com\/index.php?rest_route=\/wp\/v2\/pages\/27\/revisions\/118"}],"wp:attachment":[{"href":"https:\/\/discovering-tandem-tour.com\/index.php?rest_route=%2Fwp%2Fv2%2Fmedia&parent=27"}],"curies":[{"name":"wp","href":"https:\/\/api.w.org\/{rel}","templated":true}]}}